{"id":15,"date":"2025-11-29T15:27:02","date_gmt":"2025-11-29T14:27:02","guid":{"rendered":"https:\/\/caravanededune.com\/?page_id=15"},"modified":"2025-11-30T22:33:11","modified_gmt":"2025-11-30T21:33:11","slug":"solidarite","status":"publish","type":"page","link":"https:\/\/caravanededune.com\/index.php\/solidarite\/","title":{"rendered":"La chaine de solidarit\u00e9"},"content":{"rendered":"\n<div class=\"wp-block-group alignfull has-global-padding is-layout-constrained wp-container-core-group-is-layout-d89aad35 wp-block-group-is-layout-constrained\" style=\"margin-top:0;margin-bottom:0;padding-top:var(--wp--preset--spacing--50);padding-right:var(--wp--preset--spacing--50);padding-bottom:var(--wp--preset--spacing--50);padding-left:var(--wp--preset--spacing--50)\">\n<div class=\"wp-block-columns alignwide are-vertically-aligned-center is-layout-flex wp-container-core-columns-is-layout-47c06fe3 wp-block-columns-is-layout-flex\">\n<div class=\"wp-block-column is-vertically-aligned-center is-layout-flow wp-block-column-is-layout-flow\" style=\"flex-basis:50%\">\n<h2 class=\"wp-block-heading\"><strong>On ne na\u00eet pas tous \u00e9gaux. Alors mobilisons-nous pour agir ensemble.<\/strong><\/h2>\n\n\n\n<p>Incendie, attentats, accueil de familles exil\u00e9es, s\u00e9isme au Maroc\u2026<br>Quand une situation nous touche on se met en mouvement.<br>La Caravane n\u2019est pas une grande ONG, mais elle r\u00e9pond pr\u00e9sente d\u00e8s qu\u2019une urgence appelle.<br>Avec simplicit\u00e9, humanit\u00e9 et discr\u00e9tion.<br>Ici, on raconte ces gestes solidaires n\u00e9s d\u2019une rencontre, d\u2019un besoin, d\u2019un \u00ab on ne laisse pas faire \u00bb.<\/p>\n\n\n\n<ul style=\"line-height:1.75\" class=\"wp-block-list is-style-checkmark-list\">\n<li><a href=\"https:\/\/caravanededune.com\/wp-admin\/post.php?post=345&amp;action=edit\"><strong>Ne Jamais oublier !<\/strong><\/a><\/li>\n\n\n\n<li><a href=\"https:\/\/caravanededune.com\/wp-admin\/post.php?post=353&amp;action=edit\"><strong>Collectif MaMie \u2014 Pour la mise \u00e0 l\u2019abri des mineurs isol\u00e9s<\/strong><\/a><\/li>\n\n\n\n<li><a href=\"https:\/\/caravanededune.com\/wp-admin\/post.php?post=286&amp;action=edit\"><strong>No\u00ebl solidaire au jardin<\/strong><\/a><\/li>\n\n\n\n<li><a href=\"https:\/\/caravanededune.com\/wp-admin\/post.php?post=177&amp;action=edit\"><strong>Incendie \u00e0 l\u2019h\u00f4tel social<\/strong><\/a><\/li>\n\n\n\n<li><a href=\"https:\/\/caravanededune.com\/wp-admin\/post.php?post=307&amp;action=edit\"><strong>Collecte de No\u00ebl apr\u00e8s l\u2019incendie de l\u2019h\u00f4tel \u2013 D\u00e9cembre 2020<\/strong><\/a><\/li>\n\n\n\n<li><a href=\"https:\/\/caravanededune.com\/wp-admin\/post.php?post=229&amp;action=edit\"><strong>Printemps des enfants : une f\u00eate du quartier vivante et solidaire<\/strong><\/a><\/li>\n\n\n\n<li><a href=\"https:\/\/caravanededune.com\/wp-admin\/post.php?post=302&amp;action=edit\"><strong>Soutien aux migrants de Piriac-sur-Mer<\/strong><\/a><\/li>\n\n\n\n<li><a href=\"https:\/\/caravanededune.com\/wp-admin\/post.php?post=296&amp;action=edit\"><strong>Dressing Solidaire septembre 2021<\/strong><\/a><\/li>\n<\/ul>\n<\/div>\n\n\n\n<div class=\"wp-block-column is-vertically-aligned-center is-layout-flow wp-block-column-is-layout-flow\" style=\"flex-basis:50%\">\n<figure class=\"wp-block-image size-full is-style-rounded is-style-rounded--1\"><img loading=\"lazy\" decoding=\"async\" width=\"1600\" height=\"1200\" src=\"http:\/\/caravanededune.com\/wp-content\/uploads\/2025\/11\/caravane-de-dune-Jardin-partage5.jpeg\" alt=\"\" class=\"wp-image-165\" style=\"aspect-ratio:4\/3;object-fit:cover\" srcset=\"https:\/\/caravanededune.com\/wp-content\/uploads\/2025\/11\/caravane-de-dune-Jardin-partage5.jpeg 1600w, https:\/\/caravanededune.com\/wp-content\/uploads\/2025\/11\/caravane-de-dune-Jardin-partage5-300x225.jpeg 300w, https:\/\/caravanededune.com\/wp-content\/uploads\/2025\/11\/caravane-de-dune-Jardin-partage5-1024x768.jpeg 1024w, https:\/\/caravanededune.com\/wp-content\/uploads\/2025\/11\/caravane-de-dune-Jardin-partage5-768x576.jpeg 768w, https:\/\/caravanededune.com\/wp-content\/uploads\/2025\/11\/caravane-de-dune-Jardin-partage5-1536x1152.jpeg 1536w\" sizes=\"auto, (max-width: 1600px) 100vw, 1600px\" \/><\/figure>\n<\/div>\n<\/div>\n<\/div>\n\n\n\n<div class=\"wp-block-query is-layout-flow wp-block-query-is-layout-flow\"><ul class=\"wp-block-post-template is-layout-flow wp-block-post-template-is-layout-flow\"><li class=\"wp-block-post post-345 post type-post status-publish format-standard has-post-thumbnail hentry category-la-solidarite\">\n\n<div class=\"wp-block-columns are-vertically-aligned-center is-layout-flex wp-container-core-columns-is-layout-28f84493 wp-block-columns-is-layout-flex\">\n<div class=\"wp-block-column is-vertically-aligned-center is-layout-flow wp-block-column-is-layout-flow\" style=\"flex-basis:25%\"><figure class=\"wp-block-post-featured-image\"><a href=\"https:\/\/caravanededune.com\/index.php\/2019\/11\/30\/jamais-oublier\/\" target=\"_self\"  ><img loading=\"lazy\" decoding=\"async\" width=\"1600\" height=\"1200\" src=\"https:\/\/caravanededune.com\/wp-content\/uploads\/2025\/11\/charly-hebdo-2.jpeg\" class=\"attachment-post-thumbnail size-post-thumbnail wp-post-image\" alt=\"Ne Jamais oublier !\" style=\"object-fit:cover;\" srcset=\"https:\/\/caravanededune.com\/wp-content\/uploads\/2025\/11\/charly-hebdo-2.jpeg 1600w, https:\/\/caravanededune.com\/wp-content\/uploads\/2025\/11\/charly-hebdo-2-300x225.jpeg 300w, https:\/\/caravanededune.com\/wp-content\/uploads\/2025\/11\/charly-hebdo-2-1024x768.jpeg 1024w, https:\/\/caravanededune.com\/wp-content\/uploads\/2025\/11\/charly-hebdo-2-768x576.jpeg 768w, https:\/\/caravanededune.com\/wp-content\/uploads\/2025\/11\/charly-hebdo-2-1536x1152.jpeg 1536w\" sizes=\"auto, (max-width: 1600px) 100vw, 1600px\" \/><\/a><\/figure><\/div>\n\n\n\n<div class=\"wp-block-column is-vertically-aligned-center is-layout-flow wp-block-column-is-layout-flow\" style=\"flex-basis:75%\"><h2 class=\"wp-block-post-title\"><a href=\"https:\/\/caravanededune.com\/index.php\/2019\/11\/30\/jamais-oublier\/\" target=\"_self\" >Ne Jamais oublier !<\/a><\/h2><\/div>\n<\/div>\n\n<\/li><li class=\"wp-block-post post-286 post type-post status-publish format-standard has-post-thumbnail hentry category-la-solidarite\">\n\n<div class=\"wp-block-columns are-vertically-aligned-center is-layout-flex wp-container-core-columns-is-layout-28f84493 wp-block-columns-is-layout-flex\">\n<div class=\"wp-block-column is-vertically-aligned-center is-layout-flow wp-block-column-is-layout-flow\" style=\"flex-basis:25%\"><figure class=\"wp-block-post-featured-image\"><a href=\"https:\/\/caravanededune.com\/index.php\/2019\/12\/30\/noel-solidaire-au-jardin\/\" target=\"_self\"  ><img loading=\"lazy\" decoding=\"async\" width=\"960\" height=\"720\" src=\"https:\/\/caravanededune.com\/wp-content\/uploads\/2025\/11\/caravane-de-dune-Solidarite-AU-JARDIN-decembre-2019-5-1.jpeg\" class=\"attachment-post-thumbnail size-post-thumbnail wp-post-image\" alt=\"No\u00ebl solidaire au jardin\" style=\"object-fit:cover;\" srcset=\"https:\/\/caravanededune.com\/wp-content\/uploads\/2025\/11\/caravane-de-dune-Solidarite-AU-JARDIN-decembre-2019-5-1.jpeg 960w, https:\/\/caravanededune.com\/wp-content\/uploads\/2025\/11\/caravane-de-dune-Solidarite-AU-JARDIN-decembre-2019-5-1-300x225.jpeg 300w, https:\/\/caravanededune.com\/wp-content\/uploads\/2025\/11\/caravane-de-dune-Solidarite-AU-JARDIN-decembre-2019-5-1-768x576.jpeg 768w\" sizes=\"auto, (max-width: 960px) 100vw, 960px\" \/><\/a><\/figure><\/div>\n\n\n\n<div class=\"wp-block-column is-vertically-aligned-center is-layout-flow wp-block-column-is-layout-flow\" style=\"flex-basis:75%\"><h2 class=\"wp-block-post-title\"><a href=\"https:\/\/caravanededune.com\/index.php\/2019\/12\/30\/noel-solidaire-au-jardin\/\" target=\"_self\" >No\u00ebl solidaire au jardin<\/a><\/h2><\/div>\n<\/div>\n\n<\/li><li class=\"wp-block-post post-353 post type-post status-publish format-standard has-post-thumbnail hentry category-la-solidarite\">\n\n<div class=\"wp-block-columns are-vertically-aligned-center is-layout-flex wp-container-core-columns-is-layout-28f84493 wp-block-columns-is-layout-flex\">\n<div class=\"wp-block-column is-vertically-aligned-center is-layout-flow wp-block-column-is-layout-flow\" style=\"flex-basis:25%\"><figure class=\"wp-block-post-featured-image\"><a href=\"https:\/\/caravanededune.com\/index.php\/2020\/02\/01\/collectif-mamie-pour-la-mise-a-labri-des-mineurs-isoles\/\" target=\"_self\"  ><img loading=\"lazy\" decoding=\"async\" width=\"1600\" height=\"1200\" src=\"https:\/\/caravanededune.com\/wp-content\/uploads\/2025\/11\/caravane-de-dune-Solidarite-migrants6.jpeg\" class=\"attachment-post-thumbnail size-post-thumbnail wp-post-image\" alt=\"Collectif MaMie \u2014 Pour la mise \u00e0 l\u2019abri des mineurs isol\u00e9s\" style=\"object-fit:cover;\" \/><\/a><\/figure><\/div>\n\n\n\n<div class=\"wp-block-column is-vertically-aligned-center is-layout-flow wp-block-column-is-layout-flow\" style=\"flex-basis:75%\"><h2 class=\"wp-block-post-title\"><a href=\"https:\/\/caravanededune.com\/index.php\/2020\/02\/01\/collectif-mamie-pour-la-mise-a-labri-des-mineurs-isoles\/\" target=\"_self\" >Collectif MaMie \u2014 Pour la mise \u00e0 l\u2019abri des mineurs isol\u00e9s<\/a><\/h2><\/div>\n<\/div>\n\n<\/li><li class=\"wp-block-post post-177 post type-post status-publish format-standard has-post-thumbnail hentry category-la-solidarite\">\n\n<div class=\"wp-block-columns are-vertically-aligned-center is-layout-flex wp-container-core-columns-is-layout-28f84493 wp-block-columns-is-layout-flex\">\n<div class=\"wp-block-column is-vertically-aligned-center is-layout-flow wp-block-column-is-layout-flow\" style=\"flex-basis:25%\"><figure class=\"wp-block-post-featured-image\"><a href=\"https:\/\/caravanededune.com\/index.php\/2020\/09\/30\/incendie-a-lhotel-des-migrants\/\" target=\"_self\"  ><img loading=\"lazy\" decoding=\"async\" width=\"1016\" height=\"748\" src=\"https:\/\/caravanededune.com\/wp-content\/uploads\/2025\/11\/caravane-de-dune-Solidarite-Hotel2-1.png\" class=\"attachment-post-thumbnail size-post-thumbnail wp-post-image\" alt=\"Incendie \u00e0 l\u2019h\u00f4tel social\" style=\"object-fit:cover;\" srcset=\"https:\/\/caravanededune.com\/wp-content\/uploads\/2025\/11\/caravane-de-dune-Solidarite-Hotel2-1.png 1016w, https:\/\/caravanededune.com\/wp-content\/uploads\/2025\/11\/caravane-de-dune-Solidarite-Hotel2-1-300x221.png 300w, https:\/\/caravanededune.com\/wp-content\/uploads\/2025\/11\/caravane-de-dune-Solidarite-Hotel2-1-768x565.png 768w\" sizes=\"auto, (max-width: 1016px) 100vw, 1016px\" \/><\/a><\/figure><\/div>\n\n\n\n<div class=\"wp-block-column is-vertically-aligned-center is-layout-flow wp-block-column-is-layout-flow\" style=\"flex-basis:75%\"><h2 class=\"wp-block-post-title\"><a href=\"https:\/\/caravanededune.com\/index.php\/2020\/09\/30\/incendie-a-lhotel-des-migrants\/\" target=\"_self\" >Incendie \u00e0 l\u2019h\u00f4tel social<\/a><\/h2><\/div>\n<\/div>\n\n<\/li><li class=\"wp-block-post post-307 post type-post status-publish format-standard has-post-thumbnail hentry category-la-solidarite\">\n\n<div class=\"wp-block-columns are-vertically-aligned-center is-layout-flex wp-container-core-columns-is-layout-28f84493 wp-block-columns-is-layout-flex\">\n<div class=\"wp-block-column is-vertically-aligned-center is-layout-flow wp-block-column-is-layout-flow\" style=\"flex-basis:25%\"><figure class=\"wp-block-post-featured-image\"><a href=\"https:\/\/caravanededune.com\/index.php\/2020\/12\/30\/collecte-de-noel-apres-lincendie-de-lhotel-decembre-2020\/\" target=\"_self\"  ><img loading=\"lazy\" decoding=\"async\" width=\"1600\" height=\"1200\" src=\"https:\/\/caravanededune.com\/wp-content\/uploads\/2025\/11\/caravane-de-dune-Solidarite5-1.jpeg\" class=\"attachment-post-thumbnail size-post-thumbnail wp-post-image\" alt=\"Collecte de No\u00ebl apr\u00e8s l\u2019incendie de l\u2019h\u00f4tel \u2013 D\u00e9cembre 2020\" style=\"object-fit:cover;\" srcset=\"https:\/\/caravanededune.com\/wp-content\/uploads\/2025\/11\/caravane-de-dune-Solidarite5-1.jpeg 1600w, https:\/\/caravanededune.com\/wp-content\/uploads\/2025\/11\/caravane-de-dune-Solidarite5-1-300x225.jpeg 300w, https:\/\/caravanededune.com\/wp-content\/uploads\/2025\/11\/caravane-de-dune-Solidarite5-1-1024x768.jpeg 1024w, https:\/\/caravanededune.com\/wp-content\/uploads\/2025\/11\/caravane-de-dune-Solidarite5-1-768x576.jpeg 768w, https:\/\/caravanededune.com\/wp-content\/uploads\/2025\/11\/caravane-de-dune-Solidarite5-1-1536x1152.jpeg 1536w\" sizes=\"auto, (max-width: 1600px) 100vw, 1600px\" \/><\/a><\/figure><\/div>\n\n\n\n<div class=\"wp-block-column is-vertically-aligned-center is-layout-flow wp-block-column-is-layout-flow\" style=\"flex-basis:75%\"><h2 class=\"wp-block-post-title\"><a href=\"https:\/\/caravanededune.com\/index.php\/2020\/12\/30\/collecte-de-noel-apres-lincendie-de-lhotel-decembre-2020\/\" target=\"_self\" >Collecte de No\u00ebl apr\u00e8s l\u2019incendie de l\u2019h\u00f4tel \u2013 D\u00e9cembre 2020<\/a><\/h2><\/div>\n<\/div>\n\n<\/li><li class=\"wp-block-post post-302 post type-post status-publish format-standard has-post-thumbnail hentry category-la-solidarite\">\n\n<div class=\"wp-block-columns are-vertically-aligned-center is-layout-flex wp-container-core-columns-is-layout-28f84493 wp-block-columns-is-layout-flex\">\n<div class=\"wp-block-column is-vertically-aligned-center is-layout-flow wp-block-column-is-layout-flow\" style=\"flex-basis:25%\"><figure class=\"wp-block-post-featured-image\"><a href=\"https:\/\/caravanededune.com\/index.php\/2021\/02\/25\/soutien-aux-migrants-de-piriac-sur-mer\/\" target=\"_self\"  ><img loading=\"lazy\" decoding=\"async\" width=\"1800\" height=\"1296\" src=\"https:\/\/caravanededune.com\/wp-content\/uploads\/2025\/11\/caravane-de-dune-Solidarite-la-rose-des-vents.jpeg\" class=\"attachment-post-thumbnail size-post-thumbnail wp-post-image\" alt=\"Soutien aux migrants de Piriac-sur-Mer\" style=\"object-fit:cover;\" srcset=\"https:\/\/caravanededune.com\/wp-content\/uploads\/2025\/11\/caravane-de-dune-Solidarite-la-rose-des-vents.jpeg 1800w, https:\/\/caravanededune.com\/wp-content\/uploads\/2025\/11\/caravane-de-dune-Solidarite-la-rose-des-vents-300x216.jpeg 300w, https:\/\/caravanededune.com\/wp-content\/uploads\/2025\/11\/caravane-de-dune-Solidarite-la-rose-des-vents-1024x737.jpeg 1024w, https:\/\/caravanededune.com\/wp-content\/uploads\/2025\/11\/caravane-de-dune-Solidarite-la-rose-des-vents-768x553.jpeg 768w, https:\/\/caravanededune.com\/wp-content\/uploads\/2025\/11\/caravane-de-dune-Solidarite-la-rose-des-vents-1536x1106.jpeg 1536w\" sizes=\"auto, (max-width: 1800px) 100vw, 1800px\" \/><\/a><\/figure><\/div>\n\n\n\n<div class=\"wp-block-column is-vertically-aligned-center is-layout-flow wp-block-column-is-layout-flow\" style=\"flex-basis:75%\"><h2 class=\"wp-block-post-title\"><a href=\"https:\/\/caravanededune.com\/index.php\/2021\/02\/25\/soutien-aux-migrants-de-piriac-sur-mer\/\" target=\"_self\" >Soutien aux migrants de Piriac-sur-Mer<\/a><\/h2><\/div>\n<\/div>\n\n<\/li><li class=\"wp-block-post post-296 post type-post status-publish format-standard has-post-thumbnail hentry category-la-solidarite\">\n\n<div class=\"wp-block-columns are-vertically-aligned-center is-layout-flex wp-container-core-columns-is-layout-28f84493 wp-block-columns-is-layout-flex\">\n<div class=\"wp-block-column is-vertically-aligned-center is-layout-flow wp-block-column-is-layout-flow\" style=\"flex-basis:25%\"><figure class=\"wp-block-post-featured-image\"><a href=\"https:\/\/caravanededune.com\/index.php\/2021\/09\/30\/dressing-solidaire-septembre-2021\/\" target=\"_self\"  ><img loading=\"lazy\" decoding=\"async\" width=\"960\" height=\"1280\" src=\"https:\/\/caravanededune.com\/wp-content\/uploads\/2025\/11\/caravane-de-dune-Solidarite-AU-JARDIN-3.jpeg\" class=\"attachment-post-thumbnail size-post-thumbnail wp-post-image\" alt=\"Dressing Solidaire  septembre 2021\" style=\"object-fit:cover;\" srcset=\"https:\/\/caravanededune.com\/wp-content\/uploads\/2025\/11\/caravane-de-dune-Solidarite-AU-JARDIN-3.jpeg 960w, https:\/\/caravanededune.com\/wp-content\/uploads\/2025\/11\/caravane-de-dune-Solidarite-AU-JARDIN-3-225x300.jpeg 225w, https:\/\/caravanededune.com\/wp-content\/uploads\/2025\/11\/caravane-de-dune-Solidarite-AU-JARDIN-3-768x1024.jpeg 768w\" sizes=\"auto, (max-width: 960px) 100vw, 960px\" \/><\/a><\/figure><\/div>\n\n\n\n<div class=\"wp-block-column is-vertically-aligned-center is-layout-flow wp-block-column-is-layout-flow\" style=\"flex-basis:75%\"><h2 class=\"wp-block-post-title\"><a href=\"https:\/\/caravanededune.com\/index.php\/2021\/09\/30\/dressing-solidaire-septembre-2021\/\" target=\"_self\" >Dressing Solidaire  septembre 2021<\/a><\/h2><\/div>\n<\/div>\n\n<\/li><li class=\"wp-block-post post-229 post type-post status-publish format-standard has-post-thumbnail hentry category-la-solidarite\">\n\n<div class=\"wp-block-columns are-vertically-aligned-center is-layout-flex wp-container-core-columns-is-layout-28f84493 wp-block-columns-is-layout-flex\">\n<div class=\"wp-block-column is-vertically-aligned-center is-layout-flow wp-block-column-is-layout-flow\" style=\"flex-basis:25%\"><figure class=\"wp-block-post-featured-image\"><a href=\"https:\/\/caravanededune.com\/index.php\/2022\/03\/30\/printemps-des-enfants-une-fete-du-quartier-vivante-et-solidaire\/\" target=\"_self\"  ><img loading=\"lazy\" decoding=\"async\" width=\"1908\" height=\"1348\" src=\"https:\/\/caravanededune.com\/wp-content\/uploads\/2025\/11\/caravane-de-dune-Solidarite-AU-JARDIN.jpeg\" class=\"attachment-post-thumbnail size-post-thumbnail wp-post-image\" alt=\"Printemps des enfants : une f\u00eate du quartier vivante et solidaire\" style=\"object-fit:cover;\" srcset=\"https:\/\/caravanededune.com\/wp-content\/uploads\/2025\/11\/caravane-de-dune-Solidarite-AU-JARDIN.jpeg 1908w, https:\/\/caravanededune.com\/wp-content\/uploads\/2025\/11\/caravane-de-dune-Solidarite-AU-JARDIN-300x212.jpeg 300w, https:\/\/caravanededune.com\/wp-content\/uploads\/2025\/11\/caravane-de-dune-Solidarite-AU-JARDIN-1024x723.jpeg 1024w, https:\/\/caravanededune.com\/wp-content\/uploads\/2025\/11\/caravane-de-dune-Solidarite-AU-JARDIN-768x543.jpeg 768w, https:\/\/caravanededune.com\/wp-content\/uploads\/2025\/11\/caravane-de-dune-Solidarite-AU-JARDIN-1536x1085.jpeg 1536w\" sizes=\"auto, (max-width: 1908px) 100vw, 1908px\" \/><\/a><\/figure><\/div>\n\n\n\n<div class=\"wp-block-column is-vertically-aligned-center is-layout-flow wp-block-column-is-layout-flow\" style=\"flex-basis:75%\"><h2 class=\"wp-block-post-title\"><a href=\"https:\/\/caravanededune.com\/index.php\/2022\/03\/30\/printemps-des-enfants-une-fete-du-quartier-vivante-et-solidaire\/\" target=\"_self\" >Printemps des enfants : une f\u00eate du quartier vivante et solidaire<\/a><\/h2><\/div>\n<\/div>\n\n<\/li><li class=\"wp-block-post post-401 post type-post status-publish format-standard has-post-thumbnail hentry category-la-solidarite\">\n\n<div class=\"wp-block-columns are-vertically-aligned-center is-layout-flex wp-container-core-columns-is-layout-28f84493 wp-block-columns-is-layout-flex\">\n<div class=\"wp-block-column is-vertically-aligned-center is-layout-flow wp-block-column-is-layout-flow\" style=\"flex-basis:25%\"><figure class=\"wp-block-post-featured-image\"><a href=\"https:\/\/caravanededune.com\/index.php\/2025\/11\/30\/tremblement-de-terre-au-maroc\/\" target=\"_self\"  ><img loading=\"lazy\" decoding=\"async\" width=\"2502\" height=\"1428\" src=\"https:\/\/caravanededune.com\/wp-content\/uploads\/2025\/11\/Capture-decran-2025-11-30-a-21.31.20.png\" class=\"attachment-post-thumbnail size-post-thumbnail wp-post-image\" alt=\"Tremblement de terre au Maroc\" style=\"object-fit:cover;\" srcset=\"https:\/\/caravanededune.com\/wp-content\/uploads\/2025\/11\/Capture-decran-2025-11-30-a-21.31.20.png 2502w, https:\/\/caravanededune.com\/wp-content\/uploads\/2025\/11\/Capture-decran-2025-11-30-a-21.31.20-300x171.png 300w, https:\/\/caravanededune.com\/wp-content\/uploads\/2025\/11\/Capture-decran-2025-11-30-a-21.31.20-1024x584.png 1024w, https:\/\/caravanededune.com\/wp-content\/uploads\/2025\/11\/Capture-decran-2025-11-30-a-21.31.20-768x438.png 768w, https:\/\/caravanededune.com\/wp-content\/uploads\/2025\/11\/Capture-decran-2025-11-30-a-21.31.20-1536x877.png 1536w, https:\/\/caravanededune.com\/wp-content\/uploads\/2025\/11\/Capture-decran-2025-11-30-a-21.31.20-2048x1169.png 2048w\" sizes=\"auto, (max-width: 2502px) 100vw, 2502px\" \/><\/a><\/figure><\/div>\n\n\n\n<div class=\"wp-block-column is-vertically-aligned-center is-layout-flow wp-block-column-is-layout-flow\" style=\"flex-basis:75%\"><h2 class=\"wp-block-post-title\"><a href=\"https:\/\/caravanededune.com\/index.php\/2025\/11\/30\/tremblement-de-terre-au-maroc\/\" target=\"_self\" >Tremblement de terre au Maroc<\/a><\/h2><\/div>\n<\/div>\n\n<\/li><\/ul><\/div>\n","protected":false},"excerpt":{"rendered":"<p>On ne na\u00eet pas tous \u00e9gaux. Alors mobilisons-nous pour agir ensemble. Incendie, attentats, accueil de familles exil\u00e9es, s\u00e9isme au Maroc\u2026Quand une situation nous touche on se met en mouvement.La Caravane n\u2019est pas une grande ONG, mais elle r\u00e9pond pr\u00e9sente d\u00e8s qu\u2019une urgence appelle.Avec simplicit\u00e9, humanit\u00e9 et discr\u00e9tion.Ici, on raconte ces gestes solidaires n\u00e9s d\u2019une rencontre, [&hellip;]<\/p>\n","protected":false},"author":1,"featured_media":0,"parent":0,"menu_order":0,"comment_status":"closed","ping_status":"closed","template":"","meta":{"footnotes":""},"class_list":["post-15","page","type-page","status-publish","hentry"],"_links":{"self":[{"href":"https:\/\/caravanededune.com\/index.php\/wp-json\/wp\/v2\/pages\/15","targetHints":{"allow":["GET"]}}],"collection":[{"href":"https:\/\/caravanededune.com\/index.php\/wp-json\/wp\/v2\/pages"}],"about":[{"href":"https:\/\/caravanededune.com\/index.php\/wp-json\/wp\/v2\/types\/page"}],"author":[{"embeddable":true,"href":"https:\/\/caravanededune.com\/index.php\/wp-json\/wp\/v2\/users\/1"}],"replies":[{"embeddable":true,"href":"https:\/\/caravanededune.com\/index.php\/wp-json\/wp\/v2\/comments?post=15"}],"version-history":[{"count":5,"href":"https:\/\/caravanededune.com\/index.php\/wp-json\/wp\/v2\/pages\/15\/revisions"}],"predecessor-version":[{"id":439,"href":"https:\/\/caravanededune.com\/index.php\/wp-json\/wp\/v2\/pages\/15\/revisions\/439"}],"wp:attachment":[{"href":"https:\/\/caravanededune.com\/index.php\/wp-json\/wp\/v2\/media?parent=15"}],"curies":[{"name":"wp","href":"https:\/\/api.w.org\/{rel}","templated":true}]}}