{"id":18,"date":"2025-11-29T15:28:13","date_gmt":"2025-11-29T14:28:13","guid":{"rendered":"https:\/\/caravanededune.com\/?page_id=18"},"modified":"2025-11-30T22:31:16","modified_gmt":"2025-11-30T21:31:16","slug":"les-projets","status":"publish","type":"page","link":"https:\/\/caravanededune.com\/index.php\/les-projets\/","title":{"rendered":"Les projets"},"content":{"rendered":"\n<div class=\"wp-block-group alignfull has-global-padding is-layout-constrained wp-container-core-group-is-layout-d89aad35 wp-block-group-is-layout-constrained\" style=\"margin-top:0;margin-bottom:0;padding-top:var(--wp--preset--spacing--50);padding-right:var(--wp--preset--spacing--50);padding-bottom:var(--wp--preset--spacing--50);padding-left:var(--wp--preset--spacing--50)\">\n<div class=\"wp-block-columns alignwide are-vertically-aligned-center is-layout-flex wp-container-core-columns-is-layout-47c06fe3 wp-block-columns-is-layout-flex\">\n<div class=\"wp-block-column is-vertically-aligned-center is-layout-flow wp-block-column-is-layout-flow\" style=\"flex-basis:50%\">\n<h2 class=\"wp-block-heading\"><strong>Des projets diff\u00e9rents, mais un m\u00eame fil conducteur : transmettre et relier.<\/strong><\/h2>\n\n\n\n<p>La Caravane de Dune soutient des projets tr\u00e8s diff\u00e9rents.<br>Chacun a sa place, son rythme, son impact.<\/p>\n\n\n\n<p>Qu\u2019il s\u2019agisse d\u2019\u00e9ducation, d\u2019oc\u00e9an, d\u2019inclusion, tous nos projets ont un point commun : ils donnent aux enfants les moyens d\u2019agir, d\u2019explorer et d\u2019apprendre autrement.<br>Nous cherchons toujours un&nbsp;<strong>\u00e9quilibre<\/strong>&nbsp;: un projet \u00e9ducatif, un projet \u00e9cologique, un projet innovant, un projet solidaire en urgence.<\/p>\n<\/div>\n\n\n\n<div class=\"wp-block-column is-vertically-aligned-center is-layout-flow wp-block-column-is-layout-flow\" style=\"flex-basis:50%\">\n<figure class=\"wp-block-image size-full is-style-rounded is-style-rounded--1\"><img loading=\"lazy\" decoding=\"async\" width=\"2560\" height=\"1920\" src=\"http:\/\/caravanededune.com\/wp-content\/uploads\/2025\/11\/IMG_8930-scaled.jpg\" alt=\"\" class=\"wp-image-391\" style=\"aspect-ratio:4\/3;object-fit:cover\" srcset=\"https:\/\/caravanededune.com\/wp-content\/uploads\/2025\/11\/IMG_8930-scaled.jpg 2560w, https:\/\/caravanededune.com\/wp-content\/uploads\/2025\/11\/IMG_8930-300x225.jpg 300w, https:\/\/caravanededune.com\/wp-content\/uploads\/2025\/11\/IMG_8930-1024x768.jpg 1024w, https:\/\/caravanededune.com\/wp-content\/uploads\/2025\/11\/IMG_8930-768x576.jpg 768w, https:\/\/caravanededune.com\/wp-content\/uploads\/2025\/11\/IMG_8930-1536x1152.jpg 1536w, https:\/\/caravanededune.com\/wp-content\/uploads\/2025\/11\/IMG_8930-2048x1536.jpg 2048w\" sizes=\"auto, (max-width: 2560px) 100vw, 2560px\" \/><\/figure>\n<\/div>\n<\/div>\n<\/div>\n\n\n\n<div class=\"wp-block-query is-layout-flow wp-block-query-is-layout-flow\"><ul class=\"wp-block-post-template is-layout-flow wp-block-post-template-is-layout-flow\"><li class=\"wp-block-post post-388 post type-post status-publish format-standard has-post-thumbnail hentry category-les-projets\">\n\n<div class=\"wp-block-columns are-vertically-aligned-center is-layout-flex wp-container-core-columns-is-layout-28f84493 wp-block-columns-is-layout-flex\">\n<div class=\"wp-block-column is-vertically-aligned-center is-layout-flow wp-block-column-is-layout-flow\" style=\"flex-basis:25%\"><figure class=\"wp-block-post-featured-image\"><a href=\"https:\/\/caravanededune.com\/index.php\/2025\/11\/30\/poursuite-du-partenariat-avec-djarama\/\" target=\"_self\"  ><img loading=\"lazy\" decoding=\"async\" width=\"2048\" height=\"1536\" src=\"https:\/\/caravanededune.com\/wp-content\/uploads\/2019\/06\/caravane-de-dune-projet-ecole-14.jpg\" class=\"attachment-post-thumbnail size-post-thumbnail wp-post-image\" alt=\"Poursuite du partenariat avec Djarama\" style=\"object-fit:cover;\" srcset=\"https:\/\/caravanededune.com\/wp-content\/uploads\/2019\/06\/caravane-de-dune-projet-ecole-14.jpg 2048w, https:\/\/caravanededune.com\/wp-content\/uploads\/2019\/06\/caravane-de-dune-projet-ecole-14-300x225.jpg 300w, https:\/\/caravanededune.com\/wp-content\/uploads\/2019\/06\/caravane-de-dune-projet-ecole-14-1024x768.jpg 1024w, https:\/\/caravanededune.com\/wp-content\/uploads\/2019\/06\/caravane-de-dune-projet-ecole-14-768x576.jpg 768w, https:\/\/caravanededune.com\/wp-content\/uploads\/2019\/06\/caravane-de-dune-projet-ecole-14-1536x1152.jpg 1536w\" sizes=\"auto, (max-width: 2048px) 100vw, 2048px\" \/><\/a><\/figure><\/div>\n\n\n\n<div class=\"wp-block-column is-vertically-aligned-center is-layout-flow wp-block-column-is-layout-flow\" style=\"flex-basis:75%\"><h2 class=\"wp-block-post-title\"><a href=\"https:\/\/caravanededune.com\/index.php\/2025\/11\/30\/poursuite-du-partenariat-avec-djarama\/\" target=\"_self\" >Poursuite du partenariat avec Djarama<\/a><\/h2><\/div>\n<\/div>\n\n<\/li><li class=\"wp-block-post post-393 post type-post status-publish format-standard has-post-thumbnail hentry category-les-projets\">\n\n<div class=\"wp-block-columns are-vertically-aligned-center is-layout-flex wp-container-core-columns-is-layout-28f84493 wp-block-columns-is-layout-flex\">\n<div class=\"wp-block-column is-vertically-aligned-center is-layout-flow wp-block-column-is-layout-flow\" style=\"flex-basis:25%\"><figure class=\"wp-block-post-featured-image\"><a href=\"https:\/\/caravanededune.com\/index.php\/2025\/11\/30\/projet-les-deux-bananes\/\" target=\"_self\"  ><img loading=\"lazy\" decoding=\"async\" width=\"2316\" height=\"1304\" src=\"https:\/\/caravanededune.com\/wp-content\/uploads\/2025\/11\/Capture-decran-2025-11-30-a-20.31.33.png\" class=\"attachment-post-thumbnail size-post-thumbnail wp-post-image\" alt=\"Projet \u201cLes Deux Bananes\u201d\" style=\"object-fit:cover;\" srcset=\"https:\/\/caravanededune.com\/wp-content\/uploads\/2025\/11\/Capture-decran-2025-11-30-a-20.31.33.png 2316w, https:\/\/caravanededune.com\/wp-content\/uploads\/2025\/11\/Capture-decran-2025-11-30-a-20.31.33-300x169.png 300w\" sizes=\"auto, (max-width: 2316px) 100vw, 2316px\" \/><\/a><\/figure><\/div>\n\n\n\n<div class=\"wp-block-column is-vertically-aligned-center is-layout-flow wp-block-column-is-layout-flow\" style=\"flex-basis:75%\"><h2 class=\"wp-block-post-title\"><a href=\"https:\/\/caravanededune.com\/index.php\/2025\/11\/30\/projet-les-deux-bananes\/\" target=\"_self\" >Projet \u201cLes Deux Bananes\u201d<\/a><\/h2><\/div>\n<\/div>\n\n<\/li><li class=\"wp-block-post post-397 post type-post status-publish format-standard has-post-thumbnail hentry category-les-projets\">\n\n<div class=\"wp-block-columns are-vertically-aligned-center is-layout-flex wp-container-core-columns-is-layout-28f84493 wp-block-columns-is-layout-flex\">\n<div class=\"wp-block-column is-vertically-aligned-center is-layout-flow wp-block-column-is-layout-flow\" style=\"flex-basis:25%\"><figure class=\"wp-block-post-featured-image\"><a href=\"https:\/\/caravanededune.com\/index.php\/2025\/11\/30\/projet-lunettes-inclusives-3d\/\" target=\"_self\"  ><img loading=\"lazy\" decoding=\"async\" width=\"234\" height=\"155\" src=\"https:\/\/caravanededune.com\/wp-content\/uploads\/2025\/11\/lunettes-3.png\" class=\"attachment-post-thumbnail size-post-thumbnail wp-post-image\" alt=\"Projet \u201cLunettes inclusives 3D\u201d\" style=\"object-fit:cover;\" \/><\/a><\/figure><\/div>\n\n\n\n<div class=\"wp-block-column is-vertically-aligned-center is-layout-flow wp-block-column-is-layout-flow\" style=\"flex-basis:75%\"><h2 class=\"wp-block-post-title\"><a href=\"https:\/\/caravanededune.com\/index.php\/2025\/11\/30\/projet-lunettes-inclusives-3d\/\" target=\"_self\" >Projet \u201cLunettes inclusives 3D\u201d<\/a><\/h2><\/div>\n<\/div>\n\n<\/li><li class=\"wp-block-post post-399 post type-post status-publish format-standard has-post-thumbnail hentry category-les-projets\">\n\n<div class=\"wp-block-columns are-vertically-aligned-center is-layout-flex wp-container-core-columns-is-layout-28f84493 wp-block-columns-is-layout-flex\">\n<div class=\"wp-block-column is-vertically-aligned-center is-layout-flow wp-block-column-is-layout-flow\" style=\"flex-basis:25%\"><figure class=\"wp-block-post-featured-image\"><a href=\"https:\/\/caravanededune.com\/index.php\/2025\/11\/30\/les-actions-durgence\/\" target=\"_self\"  ><img loading=\"lazy\" decoding=\"async\" width=\"2560\" height=\"1920\" src=\"https:\/\/caravanededune.com\/wp-content\/uploads\/2025\/11\/IMG_8930-scaled.jpg\" class=\"attachment-post-thumbnail size-post-thumbnail wp-post-image\" alt=\"Les Actions d\u2019Urgence\" style=\"object-fit:cover;\" srcset=\"https:\/\/caravanededune.com\/wp-content\/uploads\/2025\/11\/IMG_8930-scaled.jpg 2560w, https:\/\/caravanededune.com\/wp-content\/uploads\/2025\/11\/IMG_8930-300x225.jpg 300w, https:\/\/caravanededune.com\/wp-content\/uploads\/2025\/11\/IMG_8930-1024x768.jpg 1024w, https:\/\/caravanededune.com\/wp-content\/uploads\/2025\/11\/IMG_8930-768x576.jpg 768w, https:\/\/caravanededune.com\/wp-content\/uploads\/2025\/11\/IMG_8930-1536x1152.jpg 1536w, https:\/\/caravanededune.com\/wp-content\/uploads\/2025\/11\/IMG_8930-2048x1536.jpg 2048w\" sizes=\"auto, (max-width: 2560px) 100vw, 2560px\" \/><\/a><\/figure><\/div>\n\n\n\n<div class=\"wp-block-column is-vertically-aligned-center is-layout-flow wp-block-column-is-layout-flow\" style=\"flex-basis:75%\"><h2 class=\"wp-block-post-title\"><a href=\"https:\/\/caravanededune.com\/index.php\/2025\/11\/30\/les-actions-durgence\/\" target=\"_self\" >Les Actions d\u2019Urgence<\/a><\/h2><\/div>\n<\/div>\n\n<\/li><\/ul><\/div>\n","protected":false},"excerpt":{"rendered":"<p>Des projets diff\u00e9rents, mais un m\u00eame fil conducteur : transmettre et relier. La Caravane de Dune soutient des projets tr\u00e8s diff\u00e9rents.Chacun a sa place, son rythme, son impact. Qu\u2019il s\u2019agisse d\u2019\u00e9ducation, d\u2019oc\u00e9an, d\u2019inclusion, tous nos projets ont un point commun : ils donnent aux enfants les moyens d\u2019agir, d\u2019explorer et d\u2019apprendre autrement.Nous cherchons toujours un&nbsp;\u00e9quilibre&nbsp;: [&hellip;]<\/p>\n","protected":false},"author":1,"featured_media":0,"parent":0,"menu_order":0,"comment_status":"closed","ping_status":"closed","template":"","meta":{"footnotes":""},"class_list":["post-18","page","type-page","status-publish","hentry"],"_links":{"self":[{"href":"https:\/\/caravanededune.com\/index.php\/wp-json\/wp\/v2\/pages\/18","targetHints":{"allow":["GET"]}}],"collection":[{"href":"https:\/\/caravanededune.com\/index.php\/wp-json\/wp\/v2\/pages"}],"about":[{"href":"https:\/\/caravanededune.com\/index.php\/wp-json\/wp\/v2\/types\/page"}],"author":[{"embeddable":true,"href":"https:\/\/caravanededune.com\/index.php\/wp-json\/wp\/v2\/users\/1"}],"replies":[{"embeddable":true,"href":"https:\/\/caravanededune.com\/index.php\/wp-json\/wp\/v2\/comments?post=18"}],"version-history":[{"count":7,"href":"https:\/\/caravanededune.com\/index.php\/wp-json\/wp\/v2\/pages\/18\/revisions"}],"predecessor-version":[{"id":438,"href":"https:\/\/caravanededune.com\/index.php\/wp-json\/wp\/v2\/pages\/18\/revisions\/438"}],"wp:attachment":[{"href":"https:\/\/caravanededune.com\/index.php\/wp-json\/wp\/v2\/media?parent=18"}],"curies":[{"name":"wp","href":"https:\/\/api.w.org\/{rel}","templated":true}]}}